{"id":31,"date":"2021-01-11T15:27:18","date_gmt":"2021-01-11T15:27:18","guid":{"rendered":"https:\/\/gasthof-markel.com\/?page_id=31"},"modified":"2026-04-08T06:31:28","modified_gmt":"2026-04-08T06:31:28","slug":"mittagsmenues","status":"publish","type":"page","link":"https:\/\/gasthof-markel.com\/index.php\/mittagsmenues\/","title":{"rendered":"Mittagsmen\u00fcs"},"content":{"rendered":"\n<p><strong>WIEDER GE\u00d6FFNET AB 1.10.2025<\/strong><\/p>\n\n\n\n<p>Von Mittwochs bis Freitags bieten wir Mittagsmen\u00fcs an, solange der Vorrat reicht. Folgende Mittagsmen\u00fcs werden an dem entsprechendem Datum angeboten. Weiters finden Sie hier die Speisen und Getr\u00e4nke:<\/p>\n\n\n\n<div class=\"wp-block-file\"><a id=\"wp-block-file--media-7dfa54fb-b1aa-484c-b807-d1c59dfd695d\" href=\"http:\/\/gasthof-markel.com\/wp-content\/uploads\/2026\/03\/Speisekarte_Gross_7.pdf\">Speise- und Getr\u00e4nkekarte<\/a><a href=\"http:\/\/gasthof-markel.com\/wp-content\/uploads\/2026\/03\/Speisekarte_Gross_7.pdf\" class=\"wp-block-file__button\" download aria-describedby=\"wp-block-file--media-7dfa54fb-b1aa-484c-b807-d1c59dfd695d\">Herunterladen<\/a><\/div>\n\n\n\n<p>Bitte beachten Sie unsere <a href=\"https:\/\/gasthof-markel.com\/index.php\/oeffnungszeiten\/\">\u00d6ffnungszeiten<\/a>. <\/p>\n\n\n\n<figure class=\"wp-block-table\"><table><tbody><tr><td><strong>Tag<\/strong><\/td><td><strong>Datum<\/strong><\/td><td><strong>Men\u00fc (auch zum Abholen)<\/strong><\/td><td><\/td><\/tr><tr><td>Mittwoch<\/td><td>08.04.2026<\/td><td>Nudelsuppe<br>Men\u00fc A: Schnitzel vom Schwein mit Kartoffelsalat                                         \u20ac 10,90<br>oder  <br>Men\u00fc B: H\u00fchnerspie\u00df mit Gem\u00fcse und Reis                                                   \u20ac 12,70<\/td><td><\/td><\/tr><tr><td>Donnerstag<\/td><td>09.04.2026<\/td><td>Maiscremesuppe<br>Men\u00fc A: Berner W\u00fcrstel mit Pommes                                                             \u20ac 10,90<br>oder<br>Men\u00fc B: Bauernschmaus                                                                                 \u20ac 12,70 <\/td><td><\/td><\/tr><tr><td>Freitag<\/td><td>10.04.2026<\/td><td>H\u00fchnersuppe mit Grie\u00dfnockerl<br>Men\u00fc A: Topfenpalatschinken mit Vanillesauce                                              \u20ac 10,90<br>oder<br>Men\u00fc B: Gebackener Seehecht mit Kartoffel-Mayonnaise-Salat                    \u20ac 12,90<\/td><td><\/td><\/tr><\/tbody><\/table><figcaption> <\/figcaption><\/figure>\n\n\n\n<p><\/p>\n\n\n\n<p><\/p>\n\n\n\n<figure class=\"wp-block-image\"><img loading=\"lazy\" width=\"1024\" height=\"550\" src=\"https:\/\/gasthof-markel.com\/wp-content\/uploads\/2021\/06\/Foto_Gasthof_6-1024x550.jpg\" alt=\"\" class=\"wp-image-91\" srcset=\"https:\/\/gasthof-markel.com\/wp-content\/uploads\/2021\/06\/Foto_Gasthof_6-1024x550.jpg 1024w, https:\/\/gasthof-markel.com\/wp-content\/uploads\/2021\/06\/Foto_Gasthof_6-300x161.jpg 300w, https:\/\/gasthof-markel.com\/wp-content\/uploads\/2021\/06\/Foto_Gasthof_6-768x412.jpg 768w, https:\/\/gasthof-markel.com\/wp-content\/uploads\/2021\/06\/Foto_Gasthof_6.jpg 2000w\" sizes=\"(max-width: 1024px) 100vw, 1024px\" \/><\/figure>\n\n\n\n<figure class=\"wp-block-image\"><img loading=\"lazy\" width=\"1024\" height=\"681\" src=\"https:\/\/gasthof-markel.com\/wp-content\/uploads\/2021\/06\/Foto_Gasthof_8-1024x681.jpg\" alt=\"\" class=\"wp-image-93\" srcset=\"https:\/\/gasthof-markel.com\/wp-content\/uploads\/2021\/06\/Foto_Gasthof_8-1024x681.jpg 1024w, https:\/\/gasthof-markel.com\/wp-content\/uploads\/2021\/06\/Foto_Gasthof_8-300x200.jpg 300w, https:\/\/gasthof-markel.com\/wp-content\/uploads\/2021\/06\/Foto_Gasthof_8-768x511.jpg 768w, https:\/\/gasthof-markel.com\/wp-content\/uploads\/2021\/06\/Foto_Gasthof_8-360x240.jpg 360w, https:\/\/gasthof-markel.com\/wp-content\/uploads\/2021\/06\/Foto_Gasthof_8.jpg 2000w\" sizes=\"(max-width: 1024px) 100vw, 1024px\" \/><\/figure>\n","protected":false},"excerpt":{"rendered":"<p>WIEDER GE\u00d6FFNET AB 1.10.2025 Von Mittwochs bis Freitags bieten wir Mittagsmen\u00fcs an, solange der Vorrat reicht. Folgende Mittagsmen\u00fcs werden an dem entsprechendem Datum angeboten. Weiters finden Sie hier die Speisen und Getr\u00e4nke: Bitte beachten Sie unsere \u00d6ffnungszeiten. Tag Datum Men\u00fc (auch zum Abholen) Mittwoch 08.04.2026 NudelsuppeMen\u00fc A: Schnitzel vom Schwein [&hellip;]<\/p>\n","protected":false},"author":2,"featured_media":91,"parent":0,"menu_order":0,"comment_status":"closed","ping_status":"closed","template":"","meta":[],"_links":{"self":[{"href":"https:\/\/gasthof-markel.com\/index.php\/wp-json\/wp\/v2\/pages\/31"}],"collection":[{"href":"https:\/\/gasthof-markel.com\/index.php\/wp-json\/wp\/v2\/pages"}],"about":[{"href":"https:\/\/gasthof-markel.com\/index.php\/wp-json\/wp\/v2\/types\/page"}],"author":[{"embeddable":true,"href":"https:\/\/gasthof-markel.com\/index.php\/wp-json\/wp\/v2\/users\/2"}],"replies":[{"embeddable":true,"href":"https:\/\/gasthof-markel.com\/index.php\/wp-json\/wp\/v2\/comments?post=31"}],"version-history":[{"count":328,"href":"https:\/\/gasthof-markel.com\/index.php\/wp-json\/wp\/v2\/pages\/31\/revisions"}],"predecessor-version":[{"id":907,"href":"https:\/\/gasthof-markel.com\/index.php\/wp-json\/wp\/v2\/pages\/31\/revisions\/907"}],"wp:featuredmedia":[{"embeddable":true,"href":"https:\/\/gasthof-markel.com\/index.php\/wp-json\/wp\/v2\/media\/91"}],"wp:attachment":[{"href":"https:\/\/gasthof-markel.com\/index.php\/wp-json\/wp\/v2\/media?parent=31"}],"curies":[{"name":"wp","href":"https:\/\/api.w.org\/{rel}","templated":true}]}}